
{"id":516,"date":"2022-04-26T09:27:25","date_gmt":"2022-04-26T13:27:25","guid":{"rendered":"https:\/\/donnerpouraider-new.flywheelstaging.com\/services\/"},"modified":"2022-10-13T08:14:06","modified_gmt":"2022-10-13T12:14:06","slug":"services","status":"publish","type":"page","link":"https:\/\/donnerpouraider.com\/en\/services\/","title":{"rendered":"Services"},"content":{"rendered":"<h2>Give\u2026 to help<\/h2>\n<p>Donner pour aider gives back to the community. This gift of self manifests itself in many ways.<\/p>\n<h4>Donation of clothes and food<\/h4>\n<p>The Donner pour aider team meets homeless people and those in need every other Saturday, from 4:30 p.m. to 6:30 p.m. On top of exchanging with them, the organization donates clothes and food. The organization&#8217;s meeting point: Parc \u00c9milie-Gamelin, in Montreal. On site, volunteers, &#8220;comfort soldiers&#8221;, as the president of the organization, Doulien Tumba Wetshonga, likes to call them, are sometimes busy preparing and serving cooked meals, and other times welcoming homeless people and those in need.<\/p>\n<h4>Special events<\/h4>\n<p>A few times during the year, the Donner pour aider\u2019s team invites homeless people to unifying and festive events. This is the case of a barbecue, a corn roast. The major annual holidays, including Christmas, are also highlighted.<\/p>\n","protected":false},"excerpt":{"rendered":"<p>Give\u2026 to help Donner pour aider gives back to the community. This gift of self manifests itself in many ways. Donation of clothes and food The Donner pour aider team meets homeless people and those in need every other Saturday, from 4:30 p.m. to 6:30 p.m. On top of exchanging with them, the organization donates [&#8230;]<\/p>\n<p><a class=\"btn btn-secondary understrap-read-more-link\" href=\"https:\/\/donnerpouraider.com\/en\/services\/\">Lire plus&#8230;<span class=\"screen-reader-text\"> from Services<\/span><\/a><\/p>\n","protected":false},"author":1,"featured_media":452,"parent":0,"menu_order":0,"comment_status":"closed","ping_status":"closed","template":"page-templates\/both-sidebarspage.php","meta":{"inline_featured_image":false,"footnotes":""},"class_list":["post-516","page","type-page","status-publish","has-post-thumbnail","hentry"],"yoast_head":"<!-- This site is optimized with the Yoast SEO plugin v27.2 - https:\/\/yoast.com\/product\/yoast-seo-wordpress\/ -->\n<title>Services | Donate to help, homeless people, donate clothes, donate food | Donner pour aider<\/title>\n<meta name=\"description\" content=\"Donner pour aider, in Longueuil, gives back to the homeless. This surge of generosity is manifested by the donation of clothing and food.\" \/>\n<meta name=\"robots\" content=\"index, follow, max-snippet:-1, max-image-preview:large, max-video-preview:-1\" \/>\n<link rel=\"canonical\" href=\"https:\/\/donnerpouraider.com\/en\/services\/\" \/>\n<meta property=\"og:locale\" content=\"en_US\" \/>\n<meta property=\"og:type\" content=\"article\" \/>\n<meta property=\"og:title\" content=\"Donner pour aider - Vocation\" \/>\n<meta property=\"og:description\" content=\"Donner pour aider, \u00e0 Longueuil, redonne aux personnes en situation d\u2019itin\u00e9rance. Cet \u00e9lan de g\u00e9n\u00e9rosit\u00e9 se manifeste par le don de v\u00eatements et de nourriture.\" \/>\n<meta property=\"og:url\" content=\"https:\/\/donnerpouraider.com\/en\/services\/\" \/>\n<meta property=\"og:site_name\" content=\"Donner pour aider\" \/>\n<meta property=\"article:modified_time\" content=\"2022-10-13T12:14:06+00:00\" \/>\n<meta property=\"og:image\" content=\"http:\/\/donnerpouraider.com\/wp-content\/uploads\/2022\/06\/IMG-20220609-WA0001.jpg\" \/>\n\t<meta property=\"og:image:width\" content=\"733\" \/>\n\t<meta property=\"og:image:height\" content=\"550\" \/>\n\t<meta property=\"og:image:type\" content=\"image\/jpeg\" \/>\n<meta name=\"twitter:card\" content=\"summary_large_image\" \/>\n<meta name=\"twitter:label1\" content=\"Est. reading time\" \/>\n\t<meta name=\"twitter:data1\" content=\"1 minute\" \/>\n<script type=\"application\/ld+json\" class=\"yoast-schema-graph\">{\"@context\":\"https:\/\/schema.org\",\"@graph\":[{\"@type\":\"WebPage\",\"@id\":\"https:\/\/donnerpouraider.com\/en\/services\/\",\"url\":\"https:\/\/donnerpouraider.com\/en\/services\/\",\"name\":\"Services | Donate to help, homeless people, donate clothes, donate food | Donner pour aider\",\"isPartOf\":{\"@id\":\"https:\/\/donnerpouraider.com\/en\/#website\"},\"primaryImageOfPage\":{\"@id\":\"https:\/\/donnerpouraider.com\/en\/services\/#primaryimage\"},\"image\":{\"@id\":\"https:\/\/donnerpouraider.com\/en\/services\/#primaryimage\"},\"thumbnailUrl\":\"https:\/\/donnerpouraider.com\/wp-content\/uploads\/2022\/06\/IMG-20220609-WA0001.jpg\",\"datePublished\":\"2022-04-26T13:27:25+00:00\",\"dateModified\":\"2022-10-13T12:14:06+00:00\",\"description\":\"Donner pour aider, in Longueuil, gives back to the homeless. This surge of generosity is manifested by the donation of clothing and food.\",\"breadcrumb\":{\"@id\":\"https:\/\/donnerpouraider.com\/en\/services\/#breadcrumb\"},\"inLanguage\":\"en-US\",\"potentialAction\":[{\"@type\":\"ReadAction\",\"target\":[\"https:\/\/donnerpouraider.com\/en\/services\/\"]}]},{\"@type\":\"ImageObject\",\"inLanguage\":\"en-US\",\"@id\":\"https:\/\/donnerpouraider.com\/en\/services\/#primaryimage\",\"url\":\"https:\/\/donnerpouraider.com\/wp-content\/uploads\/2022\/06\/IMG-20220609-WA0001.jpg\",\"contentUrl\":\"https:\/\/donnerpouraider.com\/wp-content\/uploads\/2022\/06\/IMG-20220609-WA0001.jpg\",\"width\":733,\"height\":550},{\"@type\":\"BreadcrumbList\",\"@id\":\"https:\/\/donnerpouraider.com\/en\/services\/#breadcrumb\",\"itemListElement\":[{\"@type\":\"ListItem\",\"position\":1,\"name\":\"Accueil\",\"item\":\"https:\/\/donnerpouraider.com\/en\/\"},{\"@type\":\"ListItem\",\"position\":2,\"name\":\"Services\"}]},{\"@type\":\"WebSite\",\"@id\":\"https:\/\/donnerpouraider.com\/en\/#website\",\"url\":\"https:\/\/donnerpouraider.com\/en\/\",\"name\":\"Donner pour aider\",\"description\":\"\",\"publisher\":{\"@id\":\"https:\/\/donnerpouraider.com\/en\/#organization\"},\"potentialAction\":[{\"@type\":\"SearchAction\",\"target\":{\"@type\":\"EntryPoint\",\"urlTemplate\":\"https:\/\/donnerpouraider.com\/en\/?s={search_term_string}\"},\"query-input\":{\"@type\":\"PropertyValueSpecification\",\"valueRequired\":true,\"valueName\":\"search_term_string\"}}],\"inLanguage\":\"en-US\"},{\"@type\":\"Organization\",\"@id\":\"https:\/\/donnerpouraider.com\/en\/#organization\",\"name\":\"Donner pour aider\",\"url\":\"https:\/\/donnerpouraider.com\/en\/\",\"logo\":{\"@type\":\"ImageObject\",\"inLanguage\":\"en-US\",\"@id\":\"https:\/\/donnerpouraider.com\/en\/#\/schema\/logo\/image\/\",\"url\":\"https:\/\/donnerpouraider.com\/wp-content\/uploads\/2022\/04\/donner-pour-aider-logo-h-250.jpg\",\"contentUrl\":\"https:\/\/donnerpouraider.com\/wp-content\/uploads\/2022\/04\/donner-pour-aider-logo-h-250.jpg\",\"width\":250,\"height\":58,\"caption\":\"Donner pour aider\"},\"image\":{\"@id\":\"https:\/\/donnerpouraider.com\/en\/#\/schema\/logo\/image\/\"}}]}<\/script>\n<!-- \/ Yoast SEO plugin. -->","yoast_head_json":{"title":"Services | Donate to help, homeless people, donate clothes, donate food | Donner pour aider","description":"Donner pour aider, in Longueuil, gives back to the homeless. This surge of generosity is manifested by the donation of clothing and food.","robots":{"index":"index","follow":"follow","max-snippet":"max-snippet:-1","max-image-preview":"max-image-preview:large","max-video-preview":"max-video-preview:-1"},"canonical":"https:\/\/donnerpouraider.com\/en\/services\/","og_locale":"en_US","og_type":"article","og_title":"Donner pour aider - Vocation","og_description":"Donner pour aider, \u00e0 Longueuil, redonne aux personnes en situation d\u2019itin\u00e9rance. Cet \u00e9lan de g\u00e9n\u00e9rosit\u00e9 se manifeste par le don de v\u00eatements et de nourriture.","og_url":"https:\/\/donnerpouraider.com\/en\/services\/","og_site_name":"Donner pour aider","article_modified_time":"2022-10-13T12:14:06+00:00","og_image":[{"width":733,"height":550,"url":"http:\/\/donnerpouraider.com\/wp-content\/uploads\/2022\/06\/IMG-20220609-WA0001.jpg","type":"image\/jpeg"}],"twitter_card":"summary_large_image","twitter_misc":{"Est. reading time":"1 minute"},"schema":{"@context":"https:\/\/schema.org","@graph":[{"@type":"WebPage","@id":"https:\/\/donnerpouraider.com\/en\/services\/","url":"https:\/\/donnerpouraider.com\/en\/services\/","name":"Services | Donate to help, homeless people, donate clothes, donate food | Donner pour aider","isPartOf":{"@id":"https:\/\/donnerpouraider.com\/en\/#website"},"primaryImageOfPage":{"@id":"https:\/\/donnerpouraider.com\/en\/services\/#primaryimage"},"image":{"@id":"https:\/\/donnerpouraider.com\/en\/services\/#primaryimage"},"thumbnailUrl":"https:\/\/donnerpouraider.com\/wp-content\/uploads\/2022\/06\/IMG-20220609-WA0001.jpg","datePublished":"2022-04-26T13:27:25+00:00","dateModified":"2022-10-13T12:14:06+00:00","description":"Donner pour aider, in Longueuil, gives back to the homeless. This surge of generosity is manifested by the donation of clothing and food.","breadcrumb":{"@id":"https:\/\/donnerpouraider.com\/en\/services\/#breadcrumb"},"inLanguage":"en-US","potentialAction":[{"@type":"ReadAction","target":["https:\/\/donnerpouraider.com\/en\/services\/"]}]},{"@type":"ImageObject","inLanguage":"en-US","@id":"https:\/\/donnerpouraider.com\/en\/services\/#primaryimage","url":"https:\/\/donnerpouraider.com\/wp-content\/uploads\/2022\/06\/IMG-20220609-WA0001.jpg","contentUrl":"https:\/\/donnerpouraider.com\/wp-content\/uploads\/2022\/06\/IMG-20220609-WA0001.jpg","width":733,"height":550},{"@type":"BreadcrumbList","@id":"https:\/\/donnerpouraider.com\/en\/services\/#breadcrumb","itemListElement":[{"@type":"ListItem","position":1,"name":"Accueil","item":"https:\/\/donnerpouraider.com\/en\/"},{"@type":"ListItem","position":2,"name":"Services"}]},{"@type":"WebSite","@id":"https:\/\/donnerpouraider.com\/en\/#website","url":"https:\/\/donnerpouraider.com\/en\/","name":"Donner pour aider","description":"","publisher":{"@id":"https:\/\/donnerpouraider.com\/en\/#organization"},"potentialAction":[{"@type":"SearchAction","target":{"@type":"EntryPoint","urlTemplate":"https:\/\/donnerpouraider.com\/en\/?s={search_term_string}"},"query-input":{"@type":"PropertyValueSpecification","valueRequired":true,"valueName":"search_term_string"}}],"inLanguage":"en-US"},{"@type":"Organization","@id":"https:\/\/donnerpouraider.com\/en\/#organization","name":"Donner pour aider","url":"https:\/\/donnerpouraider.com\/en\/","logo":{"@type":"ImageObject","inLanguage":"en-US","@id":"https:\/\/donnerpouraider.com\/en\/#\/schema\/logo\/image\/","url":"https:\/\/donnerpouraider.com\/wp-content\/uploads\/2022\/04\/donner-pour-aider-logo-h-250.jpg","contentUrl":"https:\/\/donnerpouraider.com\/wp-content\/uploads\/2022\/04\/donner-pour-aider-logo-h-250.jpg","width":250,"height":58,"caption":"Donner pour aider"},"image":{"@id":"https:\/\/donnerpouraider.com\/en\/#\/schema\/logo\/image\/"}}]}},"_links":{"self":[{"href":"https:\/\/donnerpouraider.com\/en\/wp-json\/wp\/v2\/pages\/516","targetHints":{"allow":["GET"]}}],"collection":[{"href":"https:\/\/donnerpouraider.com\/en\/wp-json\/wp\/v2\/pages"}],"about":[{"href":"https:\/\/donnerpouraider.com\/en\/wp-json\/wp\/v2\/types\/page"}],"author":[{"embeddable":true,"href":"https:\/\/donnerpouraider.com\/en\/wp-json\/wp\/v2\/users\/1"}],"replies":[{"embeddable":true,"href":"https:\/\/donnerpouraider.com\/en\/wp-json\/wp\/v2\/comments?post=516"}],"version-history":[{"count":0,"href":"https:\/\/donnerpouraider.com\/en\/wp-json\/wp\/v2\/pages\/516\/revisions"}],"wp:featuredmedia":[{"embeddable":true,"href":"https:\/\/donnerpouraider.com\/en\/wp-json\/wp\/v2\/media\/452"}],"wp:attachment":[{"href":"https:\/\/donnerpouraider.com\/en\/wp-json\/wp\/v2\/media?parent=516"}],"curies":[{"name":"wp","href":"https:\/\/api.w.org\/{rel}","templated":true}]}}